{"id":31070,"date":"2024-06-03T09:45:59","date_gmt":"2024-06-03T07:45:59","guid":{"rendered":"https:\/\/pi-vs.ch\/ueber-uns\/"},"modified":"2026-04-28T08:55:14","modified_gmt":"2026-04-28T06:55:14","slug":"ueber-uns","status":"publish","type":"page","link":"https:\/\/pi-vs.ch\/de\/ueber-uns\/","title":{"rendered":"\u00dcber uns"},"content":{"rendered":"<p>Promotion Industrie Wallis<br \/><a role=\"button\"><br \/> Lehrstellen<br \/><\/a><\/p>\n<p>Entdecken Sie die Vereinigung Promotion Industrie Valais, die sich der technischen und chemischen Industrie im Wallis widmet.<\/p>\n<p>  F\u00f6rderung der Walliser Industrie  <\/p>\n<h2>\u00dcber uns<\/h2>\n<p>Willkommen auf der Website des Vereins <b>Promotion Industrie VS<\/b>.<\/p>\n<p>Unser Verband hat es sich zur Aufgabe gemacht, die verschiedenen M\u00f6glichkeiten der <b>Berufsausbildung<\/b> in den Berufen der technischen und chemischen Industrie im Wallis aufzuzeigen.<\/p>\n<p>Promotion Industrie VS vereint die industriellen Akteure, die Berufsverb\u00e4nde der Branche sowie die Berufsschulen und Ausbildungszentren des Kantons.<\/p>\n<p>\t\t\t\t\t<a role=\"button\"><br \/>  Kontakt<br \/>\t\t\t\t\t<\/a><\/p>\n<h3>\n  Schl\u00fcsselpunkte 1<br \/> Schl\u00fcsselpunkt 2 <br \/> Schl\u00fcsselpunkt 3<br \/>\t\t\t\t<\/h3>\n<p>  Your Challenge<br \/> Teilnahme an der Berufsmesse<br \/>\t\t\t\t\t\t\t\t\t\t\t\t\t<img fetchpriority=\"high\" decoding=\"async\" width=\"800\" height=\"534\" src=\"https:\/\/pi-vs.ch\/wp-content\/uploads\/2024\/07\/technician-adjusts-and-troubleshoots-factory-machi-2024-04-22-19-03-58-utc-1024x683.jpg\" alt=\"\" srcset=\"https:\/\/pi-vs.ch\/wp-content\/uploads\/2024\/07\/technician-adjusts-and-troubleshoots-factory-machi-2024-04-22-19-03-58-utc-1024x683.jpg 1024w, https:\/\/pi-vs.ch\/wp-content\/uploads\/2024\/07\/technician-adjusts-and-troubleshoots-factory-machi-2024-04-22-19-03-58-utc-300x200.jpg 300w, https:\/\/pi-vs.ch\/wp-content\/uploads\/2024\/07\/technician-adjusts-and-troubleshoots-factory-machi-2024-04-22-19-03-58-utc-768x512.jpg 768w, https:\/\/pi-vs.ch\/wp-content\/uploads\/2024\/07\/technician-adjusts-and-troubleshoots-factory-machi-2024-04-22-19-03-58-utc-1536x1025.jpg 1536w, https:\/\/pi-vs.ch\/wp-content\/uploads\/2024\/07\/technician-adjusts-and-troubleshoots-factory-machi-2024-04-22-19-03-58-utc.jpg 1920w\" sizes=\"(max-width: 800px) 100vw, 800px\"><br \/> 140<br \/> Ausbildungsbetriebe<br \/>\t\t\t\t\t\t\t\t\t\t\t\t\t<img decoding=\"async\" width=\"800\" height=\"534\" src=\"https:\/\/pi-vs.ch\/wp-content\/uploads\/2024\/07\/engineers-inspect-the-completed-air-conditioning-a-2024-04-03-02-45-23-utc-1024x683.jpg\" alt=\"\" srcset=\"https:\/\/pi-vs.ch\/wp-content\/uploads\/2024\/07\/engineers-inspect-the-completed-air-conditioning-a-2024-04-03-02-45-23-utc-1024x683.jpg 1024w, https:\/\/pi-vs.ch\/wp-content\/uploads\/2024\/07\/engineers-inspect-the-completed-air-conditioning-a-2024-04-03-02-45-23-utc-300x200.jpg 300w, https:\/\/pi-vs.ch\/wp-content\/uploads\/2024\/07\/engineers-inspect-the-completed-air-conditioning-a-2024-04-03-02-45-23-utc-768x512.jpg 768w, https:\/\/pi-vs.ch\/wp-content\/uploads\/2024\/07\/engineers-inspect-the-completed-air-conditioning-a-2024-04-03-02-45-23-utc-1536x1024.jpg 1536w, https:\/\/pi-vs.ch\/wp-content\/uploads\/2024\/07\/engineers-inspect-the-completed-air-conditioning-a-2024-04-03-02-45-23-utc.jpg 1920w\" sizes=\"(max-width: 800px) 100vw, 800px\"><br \/> 15<br \/> Berufe in EFZ<br \/>\t\t\t\t\t\t\t\t\t\t\t\t\t<img decoding=\"async\" width=\"800\" height=\"534\" src=\"https:\/\/pi-vs.ch\/wp-content\/uploads\/2024\/07\/smile-portrait-of-happy-male-engineer-worker-with-2023-11-27-05-33-49-utc-1024x683.jpg\" alt=\"\" srcset=\"https:\/\/pi-vs.ch\/wp-content\/uploads\/2024\/07\/smile-portrait-of-happy-male-engineer-worker-with-2023-11-27-05-33-49-utc-1024x683.jpg 1024w, https:\/\/pi-vs.ch\/wp-content\/uploads\/2024\/07\/smile-portrait-of-happy-male-engineer-worker-with-2023-11-27-05-33-49-utc-300x200.jpg 300w, https:\/\/pi-vs.ch\/wp-content\/uploads\/2024\/07\/smile-portrait-of-happy-male-engineer-worker-with-2023-11-27-05-33-49-utc-768x512.jpg 768w, https:\/\/pi-vs.ch\/wp-content\/uploads\/2024\/07\/smile-portrait-of-happy-male-engineer-worker-with-2023-11-27-05-33-49-utc-1536x1024.jpg 1536w, https:\/\/pi-vs.ch\/wp-content\/uploads\/2024\/07\/smile-portrait-of-happy-male-engineer-worker-with-2023-11-27-05-33-49-utc.jpg 1920w\" sizes=\"(max-width: 800px) 100vw, 800px\"><br \/> Das Komitee  <\/p>\n<h3>\n  Bernard Dayer  <\/h3>\n<p>  Co-Vorsitzender<br \/><a href=\"https:\/\/eptm.ch\/\"><br \/> Direktor des EPTM-Campus <\/a> <\/p>\n<h3>\n  Julie Esposito  <\/h3>\n<p>  Co-Vorsitzende<br \/><a href=\"https:\/\/www.cimo.ch\/\"><br \/> Kommunikationsmanagerin bei CIMO Compagnie industrielle de Monthey SA <\/a> <\/p>\n<h3>\n  Nathalie Vernaz  <\/h3>\n<p>  Vorstandsmitglied<br \/><a href=\"https:\/\/www.avic.ch\/www\/1-accueil\"><br \/> Pr\u00e4sidentin von AVIC <\/a> <\/p>\n<h3>\n  Eric Balet  <\/h3>\n<p>  Vorstandsmitglied<br \/><a href=\"https:\/\/avenir-industrie.ch\/\" target=\"_blank\"><br \/> Pr\u00e4sident von Avenir Industrie Valais <\/a> <\/p>\n<h3>\n  Xavier de Preux  <\/h3>\n<p>  Vorstandsmitglied<br \/><a href=\"https:\/\/www.swissmechanic-vs.ch\/\"><br \/> Pr\u00e4sident von SWISSMECHANIC Sektion Wallis <\/a> <\/p>\n<h3>\n  J\u00e9r\u00f4me Saillen  <\/h3>\n<p>  Vorstandsmitglied<br \/><a href=\"https:\/\/www.hydro.ch\/fr\/homepage.html\"><br \/> Verantwortlich f\u00fcr die Auszubildenden bei HydroExploitation <\/a> <\/p>\n<h3>\n  Cyrille Besan\u00e7on  <\/h3>\n<p>  Mitglied des Komitees<br \/><a href=\"https:\/\/www.hevs.ch\/fr\"><br \/> Leiter des Studiengangs Industrielle Systeme HES-SO (Hochschule f\u00fcr Technik, Wallis <\/a>)  <\/p>\n<h3>\n  Pierre-Yves Zanella  <\/h3>\n<p>  Vorstandsmitglied<br \/><a href=\"https:\/\/www.berufsbildung-vs.ch\/\"><br \/> Direktor der BFO <\/a> <\/p>\n<h3>\n  Cyrille Besan\u00e7on  <\/h3>\n<p>  Mitglied des Komitees<br \/><a href=\"https:\/\/www.hevs.ch\/fr\"><br \/> Leiter des Studiengangs Industrielle Systeme HES-SO (Hochschule f\u00fcr Technik, Wallis) <\/a><br \/> Die Partner  <\/p>\n<figure><img decoding=\"async\" src=\"https:\/\/pi-vs.ch\/wp-content\/uploads\/2024\/09\/7.png\" alt=\"Aufwertung der technischen Berufe\"><\/figure>\n<figure><img decoding=\"async\" src=\"https:\/\/pi-vs.ch\/wp-content\/uploads\/2024\/09\/8.png\" alt=\"hes so wallis\"><\/figure>\n<figure><img decoding=\"async\" src=\"https:\/\/pi-vs.ch\/wp-content\/uploads\/2024\/09\/6.png\" alt=\"Kanton Wallis\"><\/figure>\n<figure><img decoding=\"async\" src=\"https:\/\/pi-vs.ch\/wp-content\/uploads\/2024\/09\/5.png\" alt=\"Zukunft Industrie\"><\/figure>\n<figure><img decoding=\"async\" src=\"https:\/\/pi-vs.ch\/wp-content\/uploads\/2024\/09\/4.png\" alt=\"berufs fachschule oberwallis\"><\/figure>\n<figure><img decoding=\"async\" src=\"https:\/\/pi-vs.ch\/wp-content\/uploads\/2024\/09\/1.png\" alt=\"eptm-Campus\"><\/figure>\n\n<p><\/p>\n","protected":false},"excerpt":{"rendered":"<p>Promotion Industrie Wallis Lehrstellen Entdecken Sie die Vereinigung Promotion Industrie Valais, die sich der technischen und chemischen Industrie im Wallis widmet. F\u00f6rderung der Walliser Industrie \u00dcber uns Willkommen auf der Website des Vereins Promotion Industrie VS. Unser Verband hat es sich zur Aufgabe gemacht, die verschiedenen M\u00f6glichkeiten der Berufsausbildung in den Berufen der technischen und [&hellip;]<\/p>\n","protected":false},"author":1,"featured_media":0,"parent":0,"menu_order":0,"comment_status":"closed","ping_status":"closed","template":"","meta":{"_acf_changed":false,"footnotes":""},"class_list":["post-31070","page","type-page","status-publish","hentry"],"acf":[],"yoast_head":"<!-- This site is optimized with the Yoast SEO plugin v27.6 - https:\/\/yoast.com\/product\/yoast-seo-wordpress\/ -->\n<title>\u00dcber uns | PIVs<\/title>\n<meta name=\"description\" content=\"Der Verein Promotion Industrie Valais setzt sich f\u00fcr die F\u00f6rderung der Berufsausbildung in den Bereichen Technik und Chemie im Wallis ein.\" \/>\n<meta name=\"robots\" content=\"index, follow, max-snippet:-1, max-image-preview:large, max-video-preview:-1\" \/>\n<link rel=\"canonical\" href=\"https:\/\/pi-vs.ch\/de\/ueber-uns\/\" \/>\n<meta property=\"og:locale\" content=\"de_DE\" \/>\n<meta property=\"og:type\" content=\"article\" \/>\n<meta property=\"og:title\" content=\"\u00dcber uns | PIVs\" \/>\n<meta property=\"og:description\" content=\"Der Verein Promotion Industrie Valais setzt sich f\u00fcr die F\u00f6rderung der Berufsausbildung in den Bereichen Technik und Chemie im Wallis ein.\" \/>\n<meta property=\"og:url\" content=\"https:\/\/pi-vs.ch\/de\/ueber-uns\/\" \/>\n<meta property=\"og:site_name\" content=\"PIVs\" \/>\n<meta property=\"article:modified_time\" content=\"2026-04-28T06:55:14+00:00\" \/>\n<meta property=\"og:image\" content=\"https:\/\/pi-vs.ch\/wp-content\/uploads\/2024\/07\/technician-adjusts-and-troubleshoots-factory-machi-2024-04-22-19-03-58-utc-1024x683.jpg\" \/>\n<meta name=\"twitter:card\" content=\"summary_large_image\" \/>\n<meta name=\"twitter:label1\" content=\"Gesch\u00e4tzte Lesezeit\" \/>\n\t<meta name=\"twitter:data1\" content=\"5\u00a0Minuten\" \/>\n<script type=\"application\/ld+json\" class=\"yoast-schema-graph\">{\"@context\":\"https:\\\/\\\/schema.org\",\"@graph\":[{\"@type\":\"WebPage\",\"@id\":\"https:\\\/\\\/pi-vs.ch\\\/de\\\/ueber-uns\\\/\",\"url\":\"https:\\\/\\\/pi-vs.ch\\\/de\\\/ueber-uns\\\/\",\"name\":\"\u00dcber uns | PIVs\",\"isPartOf\":{\"@id\":\"https:\\\/\\\/pi-vs.ch\\\/de\\\/#website\"},\"primaryImageOfPage\":{\"@id\":\"https:\\\/\\\/pi-vs.ch\\\/de\\\/ueber-uns\\\/#primaryimage\"},\"image\":{\"@id\":\"https:\\\/\\\/pi-vs.ch\\\/de\\\/ueber-uns\\\/#primaryimage\"},\"thumbnailUrl\":\"https:\\\/\\\/pi-vs.ch\\\/wp-content\\\/uploads\\\/2024\\\/07\\\/technician-adjusts-and-troubleshoots-factory-machi-2024-04-22-19-03-58-utc-1024x683.jpg\",\"datePublished\":\"2024-06-03T07:45:59+00:00\",\"dateModified\":\"2026-04-28T06:55:14+00:00\",\"description\":\"Der Verein Promotion Industrie Valais setzt sich f\u00fcr die F\u00f6rderung der Berufsausbildung in den Bereichen Technik und Chemie im Wallis ein.\",\"breadcrumb\":{\"@id\":\"https:\\\/\\\/pi-vs.ch\\\/de\\\/ueber-uns\\\/#breadcrumb\"},\"inLanguage\":\"de\",\"potentialAction\":[{\"@type\":\"ReadAction\",\"target\":[\"https:\\\/\\\/pi-vs.ch\\\/de\\\/ueber-uns\\\/\"]}]},{\"@type\":\"ImageObject\",\"inLanguage\":\"de\",\"@id\":\"https:\\\/\\\/pi-vs.ch\\\/de\\\/ueber-uns\\\/#primaryimage\",\"url\":\"https:\\\/\\\/pi-vs.ch\\\/wp-content\\\/uploads\\\/2024\\\/07\\\/technician-adjusts-and-troubleshoots-factory-machi-2024-04-22-19-03-58-utc-1024x683.jpg\",\"contentUrl\":\"https:\\\/\\\/pi-vs.ch\\\/wp-content\\\/uploads\\\/2024\\\/07\\\/technician-adjusts-and-troubleshoots-factory-machi-2024-04-22-19-03-58-utc-1024x683.jpg\"},{\"@type\":\"BreadcrumbList\",\"@id\":\"https:\\\/\\\/pi-vs.ch\\\/de\\\/ueber-uns\\\/#breadcrumb\",\"itemListElement\":[{\"@type\":\"ListItem\",\"position\":1,\"name\":\"Home\",\"item\":\"https:\\\/\\\/pi-vs.ch\\\/de\\\/startseite\\\/\"},{\"@type\":\"ListItem\",\"position\":2,\"name\":\"\u00dcber uns\"}]},{\"@type\":\"WebSite\",\"@id\":\"https:\\\/\\\/pi-vs.ch\\\/de\\\/#website\",\"url\":\"https:\\\/\\\/pi-vs.ch\\\/de\\\/\",\"name\":\"PIVs\",\"description\":\"\",\"publisher\":{\"@id\":\"https:\\\/\\\/pi-vs.ch\\\/de\\\/#organization\"},\"potentialAction\":[{\"@type\":\"SearchAction\",\"target\":{\"@type\":\"EntryPoint\",\"urlTemplate\":\"https:\\\/\\\/pi-vs.ch\\\/de\\\/?s={search_term_string}\"},\"query-input\":{\"@type\":\"PropertyValueSpecification\",\"valueRequired\":true,\"valueName\":\"search_term_string\"}}],\"inLanguage\":\"de\"},{\"@type\":\"Organization\",\"@id\":\"https:\\\/\\\/pi-vs.ch\\\/de\\\/#organization\",\"name\":\"PIVs\",\"url\":\"https:\\\/\\\/pi-vs.ch\\\/de\\\/\",\"logo\":{\"@type\":\"ImageObject\",\"inLanguage\":\"de\",\"@id\":\"https:\\\/\\\/pi-vs.ch\\\/de\\\/#\\\/schema\\\/logo\\\/image\\\/\",\"url\":\"https:\\\/\\\/pi-vs.ch\\\/wp-content\\\/uploads\\\/2024\\\/06\\\/4162.png\",\"contentUrl\":\"https:\\\/\\\/pi-vs.ch\\\/wp-content\\\/uploads\\\/2024\\\/06\\\/4162.png\",\"width\":982,\"height\":533,\"caption\":\"PIVs\"},\"image\":{\"@id\":\"https:\\\/\\\/pi-vs.ch\\\/de\\\/#\\\/schema\\\/logo\\\/image\\\/\"}}]}<\/script>\n<!-- \/ Yoast SEO plugin. -->","yoast_head_json":{"title":"\u00dcber uns | PIVs","description":"Der Verein Promotion Industrie Valais setzt sich f\u00fcr die F\u00f6rderung der Berufsausbildung in den Bereichen Technik und Chemie im Wallis ein.","robots":{"index":"index","follow":"follow","max-snippet":"max-snippet:-1","max-image-preview":"max-image-preview:large","max-video-preview":"max-video-preview:-1"},"canonical":"https:\/\/pi-vs.ch\/de\/ueber-uns\/","og_locale":"de_DE","og_type":"article","og_title":"\u00dcber uns | PIVs","og_description":"Der Verein Promotion Industrie Valais setzt sich f\u00fcr die F\u00f6rderung der Berufsausbildung in den Bereichen Technik und Chemie im Wallis ein.","og_url":"https:\/\/pi-vs.ch\/de\/ueber-uns\/","og_site_name":"PIVs","article_modified_time":"2026-04-28T06:55:14+00:00","og_image":[{"url":"https:\/\/pi-vs.ch\/wp-content\/uploads\/2024\/07\/technician-adjusts-and-troubleshoots-factory-machi-2024-04-22-19-03-58-utc-1024x683.jpg","type":"","width":"","height":""}],"twitter_card":"summary_large_image","twitter_misc":{"Gesch\u00e4tzte Lesezeit":"5\u00a0Minuten"},"schema":{"@context":"https:\/\/schema.org","@graph":[{"@type":"WebPage","@id":"https:\/\/pi-vs.ch\/de\/ueber-uns\/","url":"https:\/\/pi-vs.ch\/de\/ueber-uns\/","name":"\u00dcber uns | PIVs","isPartOf":{"@id":"https:\/\/pi-vs.ch\/de\/#website"},"primaryImageOfPage":{"@id":"https:\/\/pi-vs.ch\/de\/ueber-uns\/#primaryimage"},"image":{"@id":"https:\/\/pi-vs.ch\/de\/ueber-uns\/#primaryimage"},"thumbnailUrl":"https:\/\/pi-vs.ch\/wp-content\/uploads\/2024\/07\/technician-adjusts-and-troubleshoots-factory-machi-2024-04-22-19-03-58-utc-1024x683.jpg","datePublished":"2024-06-03T07:45:59+00:00","dateModified":"2026-04-28T06:55:14+00:00","description":"Der Verein Promotion Industrie Valais setzt sich f\u00fcr die F\u00f6rderung der Berufsausbildung in den Bereichen Technik und Chemie im Wallis ein.","breadcrumb":{"@id":"https:\/\/pi-vs.ch\/de\/ueber-uns\/#breadcrumb"},"inLanguage":"de","potentialAction":[{"@type":"ReadAction","target":["https:\/\/pi-vs.ch\/de\/ueber-uns\/"]}]},{"@type":"ImageObject","inLanguage":"de","@id":"https:\/\/pi-vs.ch\/de\/ueber-uns\/#primaryimage","url":"https:\/\/pi-vs.ch\/wp-content\/uploads\/2024\/07\/technician-adjusts-and-troubleshoots-factory-machi-2024-04-22-19-03-58-utc-1024x683.jpg","contentUrl":"https:\/\/pi-vs.ch\/wp-content\/uploads\/2024\/07\/technician-adjusts-and-troubleshoots-factory-machi-2024-04-22-19-03-58-utc-1024x683.jpg"},{"@type":"BreadcrumbList","@id":"https:\/\/pi-vs.ch\/de\/ueber-uns\/#breadcrumb","itemListElement":[{"@type":"ListItem","position":1,"name":"Home","item":"https:\/\/pi-vs.ch\/de\/startseite\/"},{"@type":"ListItem","position":2,"name":"\u00dcber uns"}]},{"@type":"WebSite","@id":"https:\/\/pi-vs.ch\/de\/#website","url":"https:\/\/pi-vs.ch\/de\/","name":"PIVs","description":"","publisher":{"@id":"https:\/\/pi-vs.ch\/de\/#organization"},"potentialAction":[{"@type":"SearchAction","target":{"@type":"EntryPoint","urlTemplate":"https:\/\/pi-vs.ch\/de\/?s={search_term_string}"},"query-input":{"@type":"PropertyValueSpecification","valueRequired":true,"valueName":"search_term_string"}}],"inLanguage":"de"},{"@type":"Organization","@id":"https:\/\/pi-vs.ch\/de\/#organization","name":"PIVs","url":"https:\/\/pi-vs.ch\/de\/","logo":{"@type":"ImageObject","inLanguage":"de","@id":"https:\/\/pi-vs.ch\/de\/#\/schema\/logo\/image\/","url":"https:\/\/pi-vs.ch\/wp-content\/uploads\/2024\/06\/4162.png","contentUrl":"https:\/\/pi-vs.ch\/wp-content\/uploads\/2024\/06\/4162.png","width":982,"height":533,"caption":"PIVs"},"image":{"@id":"https:\/\/pi-vs.ch\/de\/#\/schema\/logo\/image\/"}}]}},"_links":{"self":[{"href":"https:\/\/pi-vs.ch\/de\/wp-json\/wp\/v2\/pages\/31070","targetHints":{"allow":["GET"]}}],"collection":[{"href":"https:\/\/pi-vs.ch\/de\/wp-json\/wp\/v2\/pages"}],"about":[{"href":"https:\/\/pi-vs.ch\/de\/wp-json\/wp\/v2\/types\/page"}],"author":[{"embeddable":true,"href":"https:\/\/pi-vs.ch\/de\/wp-json\/wp\/v2\/users\/1"}],"replies":[{"embeddable":true,"href":"https:\/\/pi-vs.ch\/de\/wp-json\/wp\/v2\/comments?post=31070"}],"version-history":[{"count":61,"href":"https:\/\/pi-vs.ch\/de\/wp-json\/wp\/v2\/pages\/31070\/revisions"}],"predecessor-version":[{"id":31653,"href":"https:\/\/pi-vs.ch\/de\/wp-json\/wp\/v2\/pages\/31070\/revisions\/31653"}],"wp:attachment":[{"href":"https:\/\/pi-vs.ch\/de\/wp-json\/wp\/v2\/media?parent=31070"}],"curies":[{"name":"wp","href":"https:\/\/api.w.org\/{rel}","templated":true}]}}