{"id":31466,"date":"2024-10-29T14:26:07","date_gmt":"2024-10-29T13:26:07","guid":{"rendered":"https:\/\/pi-vs.ch\/?page_id=31466"},"modified":"2024-11-15T19:27:30","modified_gmt":"2024-11-15T18:27:30","slug":"nutzungsbestimmungen-von-cookies","status":"publish","type":"page","link":"https:\/\/pi-vs.ch\/de\/nutzungsbestimmungen-von-cookies\/","title":{"rendered":"Nutzungsbestimmungen von Cookies"},"content":{"rendered":"\n<h2 class=\"wp-block-heading\">1. <strong>Was ist ein Cookie?<\/strong><\/h2>\n\n\n\n<p>Cookies sind kleine Dateien, die auf Ihrem PC oder Ihrem Mobilger\u00e4t gespeichert werden, wenn Sie unsere Website besuchen. Mache davon sind tempor\u00e4r (nach Abschluss Ihrer Session, werden sie automatisch von Ihrem PC gel\u00f6scht), andere wiederum sind \u00abdauerhaft\u00bb, sie bleiben auf Ihrem PC bis Sie von Ihnen gel\u00f6scht werden oder abgelaufen sind.<\/p>\n\n\n\n<h2 class=\"wp-block-heading\">2. <strong>Welche Arten von Cookies nutzen wir?<\/strong><\/h2>\n\n\n\n<p>Wenn Sie auf unsere Website zugreifen, werden wir wahrscheinlich Cookies auf Ihrem PC oder Ihrem Mobilger\u00e4t installieren. Diese Cookies erm\u00f6glichen uns, w\u00e4hrend ihrer Geltungsdauer Ihren Browser wiederzuerkennen.<\/p>\n\n\n\n<p>Die von uns verwendeten Cookies dienen insbesondere f\u00fcr Folgendes:<\/p>\n\n\n\n<ul class=\"wp-block-list\">\n<li>Erstellung von Statistiken (Nutzung der Website, H\u00e4ufigkeit des Zugriffs, Leistung);<\/li>\n\n\n\n<li>Personalisierung unserer Website, je nach Ihren Pr\u00e4ferenzen bei der Anzeige (Sprache, Betriebssystem usw.);<\/li>\n\n\n\n<li>Speicherung bestimmter Pr\u00e4ferenzen und\/oder Parameter (Authentifizierung);<\/li>\n\n\n\n<li>Verbesserung unserer Kommunikation und unserer Dienstleistungen.<\/li>\n<\/ul>\n\n\n\n<p>Man unterscheidet verschiedene Arten von Cookies:<\/p>\n\n\n\n<ul class=\"wp-block-list\">\n<li>die notwendigen Cookies sind f\u00fcr eine reibungslose Funktion der Website unabdingbar (z. B. Warenkorb);<\/li>\n\n\n\n<li>funktionale Cookies dienen der Personalisierung der Inhalte (z. B. Sprachauswahl);<\/li>\n\n\n\n<li>Werbecookies erm\u00f6glichen das Sammeln von Informationen zu den besuchten Inhalten und zu anderen Handlungen auf der Website (z. B. Anzeige von Werbung, die zu Ihren Interessen passt);<\/li>\n\n\n\n<li>Leistungscookies erm\u00f6glichen eine Analyse der Nutzung der Website zu Verbesserungszwecken (z. B. \u00dcberwachung der Statistiken zu den Suchen auf der Website).<br><br><br><\/li>\n<\/ul>\n\n\n\n<h2 class=\"wp-block-heading\">3. <strong>Wie kann man Cookies kontrollieren?<\/strong><\/h2>\n\n\n\n<p><a><\/a> Die Cookies werden von den meisten Browsern automatisch angenommen, sie k\u00f6nnen aber auch vom Nutzer kontrolliert werden. Bitte beachten Sie, dass bestimmte Aktionen der Website nicht mehr funktionieren, wenn Sie die Cookies ablehnen.<\/p>\n\n\n\n<p>Auf der Website Ihres Browsers finden Sie n\u00fctzliche Anweisungen, wie Sie die Cookies sperren oder von Ihrem Browser l\u00f6schen k\u00f6nnen. Zum Beispiel:<\/p>\n\n\n\n<ul class=\"wp-block-list\">\n<li><a href=\"about:blank\"><u>Firefox<\/u><\/a><\/li>\n\n\n\n<li><a href=\"about:blank\"><u>Safari<\/u><\/a><\/li>\n\n\n\n<li><a href=\"about:blank\"><u>Chrome<\/u><\/a><\/li>\n\n\n\n<li><a href=\"about:blank\"><u>Edge\u00a0<\/u><\/a><\/li>\n<\/ul>\n","protected":false},"excerpt":{"rendered":"<p>1. Was ist ein Cookie? Cookies sind kleine Dateien, die auf Ihrem PC oder Ihrem Mobilger\u00e4t gespeichert werden, wenn Sie unsere Website besuchen. Mache davon sind tempor\u00e4r (nach Abschluss Ihrer Session, werden sie automatisch von Ihrem PC gel\u00f6scht), andere wiederum sind \u00abdauerhaft\u00bb, sie bleiben auf Ihrem PC bis Sie von Ihnen gel\u00f6scht werden oder abgelaufen [&hellip;]<\/p>\n","protected":false},"author":1,"featured_media":0,"parent":0,"menu_order":0,"comment_status":"closed","ping_status":"closed","template":"","meta":{"_acf_changed":false,"footnotes":""},"class_list":["post-31466","page","type-page","status-publish","hentry"],"acf":[],"yoast_head":"<!-- This site is optimized with the Yoast SEO plugin v27.6 - https:\/\/yoast.com\/product\/yoast-seo-wordpress\/ -->\n<title>Nutzungsbestimmungen von Cookies | PIVs<\/title>\n<meta name=\"description\" content=\"Erfahren Sie alles \u00fcber die Nutzungsbestimmungen von Cookies, deren Arten und wie Sie Ihre Einwilligung verwalten k\u00f6nnen.\" \/>\n<meta name=\"robots\" content=\"index, follow, max-snippet:-1, max-image-preview:large, max-video-preview:-1\" \/>\n<link rel=\"canonical\" href=\"https:\/\/pi-vs.ch\/de\/nutzungsbestimmungen-von-cookies\/\" \/>\n<meta property=\"og:locale\" content=\"de_DE\" \/>\n<meta property=\"og:type\" content=\"article\" \/>\n<meta property=\"og:title\" content=\"Nutzungsbestimmungen von Cookies | PIVs\" \/>\n<meta property=\"og:description\" content=\"Erfahren Sie alles \u00fcber die Nutzungsbestimmungen von Cookies, deren Arten und wie Sie Ihre Einwilligung verwalten k\u00f6nnen.\" \/>\n<meta property=\"og:url\" content=\"https:\/\/pi-vs.ch\/de\/nutzungsbestimmungen-von-cookies\/\" \/>\n<meta property=\"og:site_name\" content=\"PIVs\" \/>\n<meta property=\"article:modified_time\" content=\"2024-11-15T18:27:30+00:00\" \/>\n<meta name=\"twitter:card\" content=\"summary_large_image\" \/>\n<meta name=\"twitter:label1\" content=\"Gesch\u00e4tzte Lesezeit\" \/>\n\t<meta name=\"twitter:data1\" content=\"2\u00a0Minuten\" \/>\n<script type=\"application\/ld+json\" class=\"yoast-schema-graph\">{\"@context\":\"https:\\\/\\\/schema.org\",\"@graph\":[{\"@type\":\"WebPage\",\"@id\":\"https:\\\/\\\/pi-vs.ch\\\/de\\\/nutzungsbestimmungen-von-cookies\\\/\",\"url\":\"https:\\\/\\\/pi-vs.ch\\\/de\\\/nutzungsbestimmungen-von-cookies\\\/\",\"name\":\"Nutzungsbestimmungen von Cookies | PIVs\",\"isPartOf\":{\"@id\":\"https:\\\/\\\/pi-vs.ch\\\/de\\\/#website\"},\"datePublished\":\"2024-10-29T13:26:07+00:00\",\"dateModified\":\"2024-11-15T18:27:30+00:00\",\"description\":\"Erfahren Sie alles \u00fcber die Nutzungsbestimmungen von Cookies, deren Arten und wie Sie Ihre Einwilligung verwalten k\u00f6nnen.\",\"breadcrumb\":{\"@id\":\"https:\\\/\\\/pi-vs.ch\\\/de\\\/nutzungsbestimmungen-von-cookies\\\/#breadcrumb\"},\"inLanguage\":\"de\",\"potentialAction\":[{\"@type\":\"ReadAction\",\"target\":[\"https:\\\/\\\/pi-vs.ch\\\/de\\\/nutzungsbestimmungen-von-cookies\\\/\"]}]},{\"@type\":\"BreadcrumbList\",\"@id\":\"https:\\\/\\\/pi-vs.ch\\\/de\\\/nutzungsbestimmungen-von-cookies\\\/#breadcrumb\",\"itemListElement\":[{\"@type\":\"ListItem\",\"position\":1,\"name\":\"Home\",\"item\":\"https:\\\/\\\/pi-vs.ch\\\/de\\\/startseite\\\/\"},{\"@type\":\"ListItem\",\"position\":2,\"name\":\"Nutzungsbestimmungen von Cookies\"}]},{\"@type\":\"WebSite\",\"@id\":\"https:\\\/\\\/pi-vs.ch\\\/de\\\/#website\",\"url\":\"https:\\\/\\\/pi-vs.ch\\\/de\\\/\",\"name\":\"PIVs\",\"description\":\"\",\"publisher\":{\"@id\":\"https:\\\/\\\/pi-vs.ch\\\/de\\\/#organization\"},\"potentialAction\":[{\"@type\":\"SearchAction\",\"target\":{\"@type\":\"EntryPoint\",\"urlTemplate\":\"https:\\\/\\\/pi-vs.ch\\\/de\\\/?s={search_term_string}\"},\"query-input\":{\"@type\":\"PropertyValueSpecification\",\"valueRequired\":true,\"valueName\":\"search_term_string\"}}],\"inLanguage\":\"de\"},{\"@type\":\"Organization\",\"@id\":\"https:\\\/\\\/pi-vs.ch\\\/de\\\/#organization\",\"name\":\"PIVs\",\"url\":\"https:\\\/\\\/pi-vs.ch\\\/de\\\/\",\"logo\":{\"@type\":\"ImageObject\",\"inLanguage\":\"de\",\"@id\":\"https:\\\/\\\/pi-vs.ch\\\/de\\\/#\\\/schema\\\/logo\\\/image\\\/\",\"url\":\"https:\\\/\\\/pi-vs.ch\\\/wp-content\\\/uploads\\\/2024\\\/06\\\/4162.png\",\"contentUrl\":\"https:\\\/\\\/pi-vs.ch\\\/wp-content\\\/uploads\\\/2024\\\/06\\\/4162.png\",\"width\":982,\"height\":533,\"caption\":\"PIVs\"},\"image\":{\"@id\":\"https:\\\/\\\/pi-vs.ch\\\/de\\\/#\\\/schema\\\/logo\\\/image\\\/\"}}]}<\/script>\n<!-- \/ Yoast SEO plugin. -->","yoast_head_json":{"title":"Nutzungsbestimmungen von Cookies | PIVs","description":"Erfahren Sie alles \u00fcber die Nutzungsbestimmungen von Cookies, deren Arten und wie Sie Ihre Einwilligung verwalten k\u00f6nnen.","robots":{"index":"index","follow":"follow","max-snippet":"max-snippet:-1","max-image-preview":"max-image-preview:large","max-video-preview":"max-video-preview:-1"},"canonical":"https:\/\/pi-vs.ch\/de\/nutzungsbestimmungen-von-cookies\/","og_locale":"de_DE","og_type":"article","og_title":"Nutzungsbestimmungen von Cookies | PIVs","og_description":"Erfahren Sie alles \u00fcber die Nutzungsbestimmungen von Cookies, deren Arten und wie Sie Ihre Einwilligung verwalten k\u00f6nnen.","og_url":"https:\/\/pi-vs.ch\/de\/nutzungsbestimmungen-von-cookies\/","og_site_name":"PIVs","article_modified_time":"2024-11-15T18:27:30+00:00","twitter_card":"summary_large_image","twitter_misc":{"Gesch\u00e4tzte Lesezeit":"2\u00a0Minuten"},"schema":{"@context":"https:\/\/schema.org","@graph":[{"@type":"WebPage","@id":"https:\/\/pi-vs.ch\/de\/nutzungsbestimmungen-von-cookies\/","url":"https:\/\/pi-vs.ch\/de\/nutzungsbestimmungen-von-cookies\/","name":"Nutzungsbestimmungen von Cookies | PIVs","isPartOf":{"@id":"https:\/\/pi-vs.ch\/de\/#website"},"datePublished":"2024-10-29T13:26:07+00:00","dateModified":"2024-11-15T18:27:30+00:00","description":"Erfahren Sie alles \u00fcber die Nutzungsbestimmungen von Cookies, deren Arten und wie Sie Ihre Einwilligung verwalten k\u00f6nnen.","breadcrumb":{"@id":"https:\/\/pi-vs.ch\/de\/nutzungsbestimmungen-von-cookies\/#breadcrumb"},"inLanguage":"de","potentialAction":[{"@type":"ReadAction","target":["https:\/\/pi-vs.ch\/de\/nutzungsbestimmungen-von-cookies\/"]}]},{"@type":"BreadcrumbList","@id":"https:\/\/pi-vs.ch\/de\/nutzungsbestimmungen-von-cookies\/#breadcrumb","itemListElement":[{"@type":"ListItem","position":1,"name":"Home","item":"https:\/\/pi-vs.ch\/de\/startseite\/"},{"@type":"ListItem","position":2,"name":"Nutzungsbestimmungen von Cookies"}]},{"@type":"WebSite","@id":"https:\/\/pi-vs.ch\/de\/#website","url":"https:\/\/pi-vs.ch\/de\/","name":"PIVs","description":"","publisher":{"@id":"https:\/\/pi-vs.ch\/de\/#organization"},"potentialAction":[{"@type":"SearchAction","target":{"@type":"EntryPoint","urlTemplate":"https:\/\/pi-vs.ch\/de\/?s={search_term_string}"},"query-input":{"@type":"PropertyValueSpecification","valueRequired":true,"valueName":"search_term_string"}}],"inLanguage":"de"},{"@type":"Organization","@id":"https:\/\/pi-vs.ch\/de\/#organization","name":"PIVs","url":"https:\/\/pi-vs.ch\/de\/","logo":{"@type":"ImageObject","inLanguage":"de","@id":"https:\/\/pi-vs.ch\/de\/#\/schema\/logo\/image\/","url":"https:\/\/pi-vs.ch\/wp-content\/uploads\/2024\/06\/4162.png","contentUrl":"https:\/\/pi-vs.ch\/wp-content\/uploads\/2024\/06\/4162.png","width":982,"height":533,"caption":"PIVs"},"image":{"@id":"https:\/\/pi-vs.ch\/de\/#\/schema\/logo\/image\/"}}]}},"_links":{"self":[{"href":"https:\/\/pi-vs.ch\/de\/wp-json\/wp\/v2\/pages\/31466","targetHints":{"allow":["GET"]}}],"collection":[{"href":"https:\/\/pi-vs.ch\/de\/wp-json\/wp\/v2\/pages"}],"about":[{"href":"https:\/\/pi-vs.ch\/de\/wp-json\/wp\/v2\/types\/page"}],"author":[{"embeddable":true,"href":"https:\/\/pi-vs.ch\/de\/wp-json\/wp\/v2\/users\/1"}],"replies":[{"embeddable":true,"href":"https:\/\/pi-vs.ch\/de\/wp-json\/wp\/v2\/comments?post=31466"}],"version-history":[{"count":1,"href":"https:\/\/pi-vs.ch\/de\/wp-json\/wp\/v2\/pages\/31466\/revisions"}],"predecessor-version":[{"id":31467,"href":"https:\/\/pi-vs.ch\/de\/wp-json\/wp\/v2\/pages\/31466\/revisions\/31467"}],"wp:attachment":[{"href":"https:\/\/pi-vs.ch\/de\/wp-json\/wp\/v2\/media?parent=31466"}],"curies":[{"name":"wp","href":"https:\/\/api.w.org\/{rel}","templated":true}]}}